{"id":45867,"date":"2024-12-10T16:16:44","date_gmt":"2024-12-10T15:16:44","guid":{"rendered":"https:\/\/vivetexcellence.com\/contact-us\/"},"modified":"2025-06-16T13:33:19","modified_gmt":"2025-06-16T11:33:19","slug":"contact-us","status":"publish","type":"page","link":"https:\/\/vivetexcellence.com\/hu\/contact-us\/","title":{"rendered":"L\u00e9pjen kapcsolatba vel\u00fcnkContact us"},"content":{"rendered":"","protected":false},"excerpt":{"rendered":"","protected":false},"author":11,"featured_media":0,"parent":0,"menu_order":0,"comment_status":"closed","ping_status":"closed","template":"","meta":{"_eb_attr":"","footnotes":""},"class_list":["post-45867","page","type-page","status-publish","hentry"],"yoast_head":"<!-- This site is optimized with the Yoast SEO plugin v26.1.1 - https:\/\/yoast.com\/wordpress\/plugins\/seo\/ -->\n<title>L\u00e9pjen kapcsolatba vel\u00fcnkContact us - VIVE Texcellence<\/title>\n<meta name=\"description\" content=\"Fedezze fel aj\u00e1nlatunkat, \u00e9s csatlakozzon el\u00e9gedett \u00fcgyfeleink sor\u00e1hoz. Vegye fel a kapcsolatot \u00e9rt\u00e9kes\u00edt\u0151inkkel.\" \/>\n<meta name=\"robots\" content=\"index, follow, max-snippet:-1, max-image-preview:large, max-video-preview:-1\" \/>\n<link rel=\"canonical\" href=\"https:\/\/vivetexcellence.com\/hu\/contact-us\/\" \/>\n<meta property=\"og:locale\" content=\"hu_HU\" \/>\n<meta property=\"og:type\" content=\"article\" \/>\n<meta property=\"og:title\" content=\"L\u00e9pjen kapcsolatba vel\u00fcnkContact us - VIVE Texcellence\" \/>\n<meta property=\"og:description\" content=\"Fedezze fel aj\u00e1nlatunkat, \u00e9s csatlakozzon el\u00e9gedett \u00fcgyfeleink sor\u00e1hoz. Vegye fel a kapcsolatot \u00e9rt\u00e9kes\u00edt\u0151inkkel.\" \/>\n<meta property=\"og:url\" content=\"https:\/\/vivetexcellence.com\/hu\/contact-us\/\" \/>\n<meta property=\"og:site_name\" content=\"VIVE Texcellence\" \/>\n<meta property=\"article:modified_time\" content=\"2025-06-16T11:33:19+00:00\" \/>\n<meta name=\"twitter:card\" content=\"summary_large_image\" \/>\n<script type=\"application\/ld+json\" class=\"yoast-schema-graph\">{\"@context\":\"https:\/\/schema.org\",\"@graph\":[{\"@type\":\"WebPage\",\"@id\":\"https:\/\/vivetexcellence.com\/hu\/contact-us\/\",\"url\":\"https:\/\/vivetexcellence.com\/hu\/contact-us\/\",\"name\":\"L\u00e9pjen kapcsolatba vel\u00fcnkContact us - VIVE Texcellence\",\"isPartOf\":{\"@id\":\"https:\/\/vivetexcellence.com\/#website\"},\"datePublished\":\"2024-12-10T15:16:44+00:00\",\"dateModified\":\"2025-06-16T11:33:19+00:00\",\"description\":\"Fedezze fel aj\u00e1nlatunkat, \u00e9s csatlakozzon el\u00e9gedett \u00fcgyfeleink sor\u00e1hoz. Vegye fel a kapcsolatot \u00e9rt\u00e9kes\u00edt\u0151inkkel.\",\"breadcrumb\":{\"@id\":\"https:\/\/vivetexcellence.com\/hu\/contact-us\/#breadcrumb\"},\"inLanguage\":\"hu\",\"potentialAction\":[{\"@type\":\"ReadAction\",\"target\":[\"https:\/\/vivetexcellence.com\/hu\/contact-us\/\"]}]},{\"@type\":\"BreadcrumbList\",\"@id\":\"https:\/\/vivetexcellence.com\/hu\/contact-us\/#breadcrumb\",\"itemListElement\":[{\"@type\":\"ListItem\",\"position\":1,\"name\":\"Strona g\u0142\u00f3wna\",\"item\":\"https:\/\/vivetexcellence.com\/\"},{\"@type\":\"ListItem\",\"position\":2,\"name\":\"L\u00e9pjen kapcsolatba vel\u00fcnkContact us\"}]},{\"@type\":\"WebSite\",\"@id\":\"https:\/\/vivetexcellence.com\/#website\",\"url\":\"https:\/\/vivetexcellence.com\/\",\"name\":\"VIVE Texcellence\",\"description\":\"Innowacyjna alternatywa dla drewna\",\"publisher\":{\"@id\":\"https:\/\/vivetexcellence.com\/#organization\"},\"potentialAction\":[{\"@type\":\"SearchAction\",\"target\":{\"@type\":\"EntryPoint\",\"urlTemplate\":\"https:\/\/vivetexcellence.com\/?s={search_term_string}\"},\"query-input\":{\"@type\":\"PropertyValueSpecification\",\"valueRequired\":true,\"valueName\":\"search_term_string\"}}],\"inLanguage\":\"hu\"},{\"@type\":\"Organization\",\"@id\":\"https:\/\/vivetexcellence.com\/#organization\",\"name\":\"VIVE Texcellence\",\"url\":\"https:\/\/vivetexcellence.com\/\",\"logo\":{\"@type\":\"ImageObject\",\"inLanguage\":\"hu\",\"@id\":\"https:\/\/vivetexcellence.com\/#\/schema\/logo\/image\/\",\"url\":\"https:\/\/vivetexcellence.com\/wp-content\/uploads\/2021\/03\/logo-www2-01.png\",\"contentUrl\":\"https:\/\/vivetexcellence.com\/wp-content\/uploads\/2021\/03\/logo-www2-01.png\",\"width\":1042,\"height\":60,\"caption\":\"VIVE Texcellence\"},\"image\":{\"@id\":\"https:\/\/vivetexcellence.com\/#\/schema\/logo\/image\/\"}}]}<\/script>\n<!-- \/ Yoast SEO plugin. -->","yoast_head_json":{"title":"L\u00e9pjen kapcsolatba vel\u00fcnkContact us - VIVE Texcellence","description":"Fedezze fel aj\u00e1nlatunkat, \u00e9s csatlakozzon el\u00e9gedett \u00fcgyfeleink sor\u00e1hoz. Vegye fel a kapcsolatot \u00e9rt\u00e9kes\u00edt\u0151inkkel.","robots":{"index":"index","follow":"follow","max-snippet":"max-snippet:-1","max-image-preview":"max-image-preview:large","max-video-preview":"max-video-preview:-1"},"canonical":"https:\/\/vivetexcellence.com\/hu\/contact-us\/","og_locale":"hu_HU","og_type":"article","og_title":"L\u00e9pjen kapcsolatba vel\u00fcnkContact us - VIVE Texcellence","og_description":"Fedezze fel aj\u00e1nlatunkat, \u00e9s csatlakozzon el\u00e9gedett \u00fcgyfeleink sor\u00e1hoz. Vegye fel a kapcsolatot \u00e9rt\u00e9kes\u00edt\u0151inkkel.","og_url":"https:\/\/vivetexcellence.com\/hu\/contact-us\/","og_site_name":"VIVE Texcellence","article_modified_time":"2025-06-16T11:33:19+00:00","twitter_card":"summary_large_image","schema":{"@context":"https:\/\/schema.org","@graph":[{"@type":"WebPage","@id":"https:\/\/vivetexcellence.com\/hu\/contact-us\/","url":"https:\/\/vivetexcellence.com\/hu\/contact-us\/","name":"L\u00e9pjen kapcsolatba vel\u00fcnkContact us - VIVE Texcellence","isPartOf":{"@id":"https:\/\/vivetexcellence.com\/#website"},"datePublished":"2024-12-10T15:16:44+00:00","dateModified":"2025-06-16T11:33:19+00:00","description":"Fedezze fel aj\u00e1nlatunkat, \u00e9s csatlakozzon el\u00e9gedett \u00fcgyfeleink sor\u00e1hoz. Vegye fel a kapcsolatot \u00e9rt\u00e9kes\u00edt\u0151inkkel.","breadcrumb":{"@id":"https:\/\/vivetexcellence.com\/hu\/contact-us\/#breadcrumb"},"inLanguage":"hu","potentialAction":[{"@type":"ReadAction","target":["https:\/\/vivetexcellence.com\/hu\/contact-us\/"]}]},{"@type":"BreadcrumbList","@id":"https:\/\/vivetexcellence.com\/hu\/contact-us\/#breadcrumb","itemListElement":[{"@type":"ListItem","position":1,"name":"Strona g\u0142\u00f3wna","item":"https:\/\/vivetexcellence.com\/"},{"@type":"ListItem","position":2,"name":"L\u00e9pjen kapcsolatba vel\u00fcnkContact us"}]},{"@type":"WebSite","@id":"https:\/\/vivetexcellence.com\/#website","url":"https:\/\/vivetexcellence.com\/","name":"VIVE Texcellence","description":"Innowacyjna alternatywa dla drewna","publisher":{"@id":"https:\/\/vivetexcellence.com\/#organization"},"potentialAction":[{"@type":"SearchAction","target":{"@type":"EntryPoint","urlTemplate":"https:\/\/vivetexcellence.com\/?s={search_term_string}"},"query-input":{"@type":"PropertyValueSpecification","valueRequired":true,"valueName":"search_term_string"}}],"inLanguage":"hu"},{"@type":"Organization","@id":"https:\/\/vivetexcellence.com\/#organization","name":"VIVE Texcellence","url":"https:\/\/vivetexcellence.com\/","logo":{"@type":"ImageObject","inLanguage":"hu","@id":"https:\/\/vivetexcellence.com\/#\/schema\/logo\/image\/","url":"https:\/\/vivetexcellence.com\/wp-content\/uploads\/2021\/03\/logo-www2-01.png","contentUrl":"https:\/\/vivetexcellence.com\/wp-content\/uploads\/2021\/03\/logo-www2-01.png","width":1042,"height":60,"caption":"VIVE Texcellence"},"image":{"@id":"https:\/\/vivetexcellence.com\/#\/schema\/logo\/image\/"}}]}},"_links":{"self":[{"href":"https:\/\/vivetexcellence.com\/hu\/wp-json\/wp\/v2\/pages\/45867","targetHints":{"allow":["GET"]}}],"collection":[{"href":"https:\/\/vivetexcellence.com\/hu\/wp-json\/wp\/v2\/pages"}],"about":[{"href":"https:\/\/vivetexcellence.com\/hu\/wp-json\/wp\/v2\/types\/page"}],"author":[{"embeddable":true,"href":"https:\/\/vivetexcellence.com\/hu\/wp-json\/wp\/v2\/users\/11"}],"replies":[{"embeddable":true,"href":"https:\/\/vivetexcellence.com\/hu\/wp-json\/wp\/v2\/comments?post=45867"}],"version-history":[{"count":4,"href":"https:\/\/vivetexcellence.com\/hu\/wp-json\/wp\/v2\/pages\/45867\/revisions"}],"predecessor-version":[{"id":49900,"href":"https:\/\/vivetexcellence.com\/hu\/wp-json\/wp\/v2\/pages\/45867\/revisions\/49900"}],"wp:attachment":[{"href":"https:\/\/vivetexcellence.com\/hu\/wp-json\/wp\/v2\/media?parent=45867"}],"curies":[{"name":"wp","href":"https:\/\/api.w.org\/{rel}","templated":true}]}}