{"id":45859,"date":"2024-12-10T16:15:48","date_gmt":"2024-12-10T15:15:48","guid":{"rendered":"https:\/\/vivetexcellence.com\/complex-products\/"},"modified":"2025-06-16T13:21:20","modified_gmt":"2025-06-16T11:21:20","slug":"complex-products","status":"publish","type":"page","link":"https:\/\/vivetexcellence.com\/hu\/complex-products\/","title":{"rendered":"Komplex term\u00e9kek"},"content":{"rendered":"\t\t<div data-elementor-type=\"wp-page\" data-elementor-id=\"45859\" class=\"elementor elementor-45859 elementor-44059\" data-elementor-post-type=\"page\">\n\t\t\t\t\t\t<section class=\"elementor-section elementor-top-section elementor-element elementor-element-a37093c elementor-section-boxed elementor-section-height-default elementor-section-height-default\" data-id=\"a37093c\" data-element_type=\"section\">\n\t\t\t\t\t\t<div class=\"elementor-container elementor-column-gap-default\">\n\t\t\t\t\t<div class=\"elementor-column elementor-col-100 elementor-top-column elementor-element elementor-element-b60d705\" data-id=\"b60d705\" data-element_type=\"column\">\n\t\t\t<div class=\"elementor-widget-wrap elementor-element-populated\">\n\t\t\t\t\t\t<div class=\"elementor-element elementor-element-4cd4253 elementor-widget elementor-widget-spacer\" data-id=\"4cd4253\" data-element_type=\"widget\" data-widget_type=\"spacer.default\">\n\t\t\t\t<div class=\"elementor-widget-container\">\n\t\t\t\t\t\t\t<div class=\"elementor-spacer\">\n\t\t\t<div class=\"elementor-spacer-inner\"><\/div>\n\t\t<\/div>\n\t\t\t\t\t\t<\/div>\n\t\t\t\t<\/div>\n\t\t\t\t\t<\/div>\n\t\t<\/div>\n\t\t\t\t\t<\/div>\n\t\t<\/section>\n\t\t\t\t<section class=\"elementor-section elementor-top-section elementor-element elementor-element-38a1dcc elementor-section-boxed elementor-section-height-default elementor-section-height-default\" data-id=\"38a1dcc\" data-element_type=\"section\">\n\t\t\t\t\t\t<div class=\"elementor-container elementor-column-gap-default\">\n\t\t\t\t\t<div class=\"elementor-column elementor-col-100 elementor-top-column elementor-element elementor-element-6e6bd35\" data-id=\"6e6bd35\" data-element_type=\"column\">\n\t\t\t<div class=\"elementor-widget-wrap elementor-element-populated\">\n\t\t\t\t\t\t<div class=\"elementor-element elementor-element-8298e9a elementor-widget elementor-widget-heading\" data-id=\"8298e9a\" data-element_type=\"widget\" data-widget_type=\"heading.default\">\n\t\t\t\t<div class=\"elementor-widget-container\">\n\t\t\t\t\t<h2 class=\"elementor-heading-title elementor-size-default\">Komplex term\u00e9kek<\/h2>\t\t\t\t<\/div>\n\t\t\t\t<\/div>\n\t\t\t\t\t<\/div>\n\t\t<\/div>\n\t\t\t\t\t<\/div>\n\t\t<\/section>\n\t\t\t\t<section class=\"elementor-section elementor-top-section elementor-element elementor-element-29d27f1 elementor-section-boxed elementor-section-height-default elementor-section-height-default\" data-id=\"29d27f1\" data-element_type=\"section\">\n\t\t\t\t\t\t<div class=\"elementor-container elementor-column-gap-default\">\n\t\t\t\t\t<div class=\"elementor-column elementor-col-100 elementor-top-column elementor-element elementor-element-ecd7e5e\" data-id=\"ecd7e5e\" data-element_type=\"column\">\n\t\t\t<div class=\"elementor-widget-wrap elementor-element-populated\">\n\t\t\t\t\t\t<div class=\"elementor-element elementor-element-b429ce3 elementor-widget elementor-widget-spacer\" data-id=\"b429ce3\" data-element_type=\"widget\" data-widget_type=\"spacer.default\">\n\t\t\t\t<div class=\"elementor-widget-container\">\n\t\t\t\t\t\t\t<div class=\"elementor-spacer\">\n\t\t\t<div class=\"elementor-spacer-inner\"><\/div>\n\t\t<\/div>\n\t\t\t\t\t\t<\/div>\n\t\t\t\t<\/div>\n\t\t\t\t\t<\/div>\n\t\t<\/div>\n\t\t\t\t\t<\/div>\n\t\t<\/section>\n\t\t\t\t<section class=\"elementor-section elementor-top-section elementor-element elementor-element-bc2fb0f elementor-section-boxed elementor-section-height-default elementor-section-height-default\" data-id=\"bc2fb0f\" data-element_type=\"section\">\n\t\t\t\t\t\t<div class=\"elementor-container elementor-column-gap-default\">\n\t\t\t\t\t<div class=\"elementor-column elementor-col-100 elementor-top-column elementor-element elementor-element-8b6fc7f\" data-id=\"8b6fc7f\" data-element_type=\"column\">\n\t\t\t<div class=\"elementor-widget-wrap elementor-element-populated\">\n\t\t\t\t\t\t\t<\/div>\n\t\t<\/div>\n\t\t\t\t\t<\/div>\n\t\t<\/section>\n\t\t\t\t<section class=\"elementor-section elementor-top-section elementor-element elementor-element-d885ef4 elementor-section-boxed elementor-section-height-default elementor-section-height-default\" data-id=\"d885ef4\" data-element_type=\"section\">\n\t\t\t\t\t\t<div class=\"elementor-container elementor-column-gap-default\">\n\t\t\t\t\t<div class=\"elementor-column elementor-col-100 elementor-top-column elementor-element elementor-element-5746385\" data-id=\"5746385\" data-element_type=\"column\">\n\t\t\t<div class=\"elementor-widget-wrap elementor-element-populated\">\n\t\t\t\t\t\t<div class=\"elementor-element elementor-element-f54cae7 elementor-widget elementor-widget-spacer\" data-id=\"f54cae7\" data-element_type=\"widget\" data-widget_type=\"spacer.default\">\n\t\t\t\t<div class=\"elementor-widget-container\">\n\t\t\t\t\t\t\t<div class=\"elementor-spacer\">\n\t\t\t<div class=\"elementor-spacer-inner\"><\/div>\n\t\t<\/div>\n\t\t\t\t\t\t<\/div>\n\t\t\t\t<\/div>\n\t\t\t\t\t<\/div>\n\t\t<\/div>\n\t\t\t\t\t<\/div>\n\t\t<\/section>\n\t\t\t\t<section class=\"elementor-section elementor-top-section elementor-element elementor-element-b85a5c8 elementor-section-boxed elementor-section-height-default elementor-section-height-default\" data-id=\"b85a5c8\" data-element_type=\"section\" data-settings=\"{&quot;background_background&quot;:&quot;classic&quot;}\">\n\t\t\t\t\t\t<div class=\"elementor-container elementor-column-gap-default\">\n\t\t\t\t\t<div class=\"elementor-column elementor-col-100 elementor-top-column elementor-element elementor-element-0b8837d\" data-id=\"0b8837d\" data-element_type=\"column\" data-settings=\"{&quot;background_background&quot;:&quot;classic&quot;}\">\n\t\t\t<div class=\"elementor-widget-wrap elementor-element-populated\">\n\t\t\t\t\t\t<section class=\"elementor-section elementor-inner-section elementor-element elementor-element-d028e2c elementor-section-content-middle elementor-section-boxed elementor-section-height-default elementor-section-height-default\" data-id=\"d028e2c\" data-element_type=\"section\">\n\t\t\t\t\t\t<div class=\"elementor-container elementor-column-gap-default\">\n\t\t\t\t\t<div class=\"elementor-column elementor-col-50 elementor-inner-column elementor-element elementor-element-3632f9d\" data-id=\"3632f9d\" data-element_type=\"column\">\n\t\t\t<div class=\"elementor-widget-wrap elementor-element-populated\">\n\t\t\t\t\t\t<div class=\"elementor-element elementor-element-5419616 elementor-widget elementor-widget-heading\" data-id=\"5419616\" data-element_type=\"widget\" data-widget_type=\"heading.default\">\n\t\t\t\t<div class=\"elementor-widget-container\">\n\t\t\t\t\t<h2 class=\"elementor-heading-title elementor-size-default\">Alap term\u00e9kek megtekint\u00e9se<\/h2>\t\t\t\t<\/div>\n\t\t\t\t<\/div>\n\t\t\t\t<div class=\"elementor-element elementor-element-cd7dbee elementor-widget elementor-widget-button\" data-id=\"cd7dbee\" data-element_type=\"widget\" data-widget_type=\"button.default\">\n\t\t\t\t<div class=\"elementor-widget-container\">\n\t\t\t\t\t\t\t\t\t<div class=\"elementor-button-wrapper\">\n\t\t\t\t\t<a class=\"elementor-button elementor-button-link elementor-size-sm\" href=\"https:\/\/vivetexcellence.com\/produkty\/\" https=\"\">\n\t\t\t\t\t\t<span class=\"elementor-button-content-wrapper\">\n\t\t\t\t\t\t\t\t\t<span class=\"elementor-button-text\">Term\u00e9kek megtekint\u00e9se<\/span>\n\t\t\t\t\t<\/span>\n\t\t\t\t\t<\/a>\n\t\t\t\t<\/div>\n\t\t\t\t\t\t\t\t<\/div>\n\t\t\t\t<\/div>\n\t\t\t\t\t<\/div>\n\t\t<\/div>\n\t\t\t\t<div class=\"elementor-column elementor-col-50 elementor-inner-column elementor-element elementor-element-2dbf920\" data-id=\"2dbf920\" data-element_type=\"column\">\n\t\t\t<div class=\"elementor-widget-wrap elementor-element-populated\">\n\t\t\t\t\t\t<div class=\"elementor-element elementor-element-aa4475f elementor-widget elementor-widget-image\" data-id=\"aa4475f\" data-element_type=\"widget\" data-settings=\"{&quot;motion_fx_motion_fx_scrolling&quot;:&quot;yes&quot;,&quot;motion_fx_translateY_effect&quot;:&quot;yes&quot;,&quot;motion_fx_translateY_speed&quot;:{&quot;unit&quot;:&quot;px&quot;,&quot;size&quot;:1,&quot;sizes&quot;:[]},&quot;motion_fx_translateY_affectedRange&quot;:{&quot;unit&quot;:&quot;%&quot;,&quot;size&quot;:&quot;&quot;,&quot;sizes&quot;:{&quot;start&quot;:0,&quot;end&quot;:100}},&quot;motion_fx_devices&quot;:[&quot;desktop&quot;,&quot;tablet&quot;,&quot;mobile&quot;]}\" data-widget_type=\"image.default\">\n\t\t\t\t<div class=\"elementor-widget-container\">\n\t\t\t\t\t\t\t\t\t\t\t\t\t\t\t<img fetchpriority=\"high\" decoding=\"async\" width=\"768\" height=\"614\" src=\"https:\/\/vivetexcellence.com\/wp-content\/uploads\/2024\/04\/recycling-1-768x614.png\" class=\"attachment-medium_large size-medium_large wp-image-37447\" alt=\"recycling deska\" srcset=\"https:\/\/vivetexcellence.com\/wp-content\/uploads\/2024\/04\/recycling-1-768x614.png 768w, https:\/\/vivetexcellence.com\/wp-content\/uploads\/2024\/04\/recycling-1-300x240.png 300w, https:\/\/vivetexcellence.com\/wp-content\/uploads\/2024\/04\/recycling-1-1024x819.png 1024w, https:\/\/vivetexcellence.com\/wp-content\/uploads\/2024\/04\/recycling-1.png 1500w\" sizes=\"(max-width: 768px) 100vw, 768px\" \/>\t\t\t\t\t\t\t\t\t\t\t\t\t\t\t<\/div>\n\t\t\t\t<\/div>\n\t\t\t\t\t<\/div>\n\t\t<\/div>\n\t\t\t\t\t<\/div>\n\t\t<\/section>\n\t\t\t\t\t<\/div>\n\t\t<\/div>\n\t\t\t\t\t<\/div>\n\t\t<\/section>\n\t\t\t\t<section class=\"elementor-section elementor-top-section elementor-element elementor-element-b2d1423 elementor-section-boxed elementor-section-height-default elementor-section-height-default\" data-id=\"b2d1423\" data-element_type=\"section\">\n\t\t\t\t\t\t<div class=\"elementor-container elementor-column-gap-default\">\n\t\t\t\t\t<div class=\"elementor-column elementor-col-100 elementor-top-column elementor-element elementor-element-6cfa281\" data-id=\"6cfa281\" data-element_type=\"column\">\n\t\t\t<div class=\"elementor-widget-wrap elementor-element-populated\">\n\t\t\t\t\t\t<div class=\"elementor-element elementor-element-cf8f5d5 elementor-widget elementor-widget-spacer\" data-id=\"cf8f5d5\" data-element_type=\"widget\" data-widget_type=\"spacer.default\">\n\t\t\t\t<div class=\"elementor-widget-container\">\n\t\t\t\t\t\t\t<div class=\"elementor-spacer\">\n\t\t\t<div class=\"elementor-spacer-inner\"><\/div>\n\t\t<\/div>\n\t\t\t\t\t\t<\/div>\n\t\t\t\t<\/div>\n\t\t\t\t\t<\/div>\n\t\t<\/div>\n\t\t\t\t\t<\/div>\n\t\t<\/section>\n\t\t\t\t<\/div>\n\t\t","protected":false},"excerpt":{"rendered":"<p>Komplex term\u00e9kek Alap term\u00e9kek megtekint\u00e9se Term\u00e9kek megtekint\u00e9se<\/p>\n","protected":false},"author":11,"featured_media":0,"parent":0,"menu_order":0,"comment_status":"closed","ping_status":"closed","template":"","meta":{"_eb_attr":"","footnotes":""},"class_list":["post-45859","page","type-page","status-publish","hentry"],"yoast_head":"<!-- This site is optimized with the Yoast SEO plugin v26.1.1 - https:\/\/yoast.com\/wordpress\/plugins\/seo\/ -->\n<title>Komplex term\u00e9kek - VIVE Texcellence<\/title>\n<meta name=\"robots\" content=\"index, follow, max-snippet:-1, max-image-preview:large, max-video-preview:-1\" \/>\n<link rel=\"canonical\" href=\"https:\/\/vivetexcellence.com\/produkty-zlozone\/\" \/>\n<meta property=\"og:locale\" content=\"hu_HU\" \/>\n<meta property=\"og:type\" content=\"article\" \/>\n<meta property=\"og:title\" content=\"Komplex term\u00e9kek - VIVE Texcellence\" \/>\n<meta property=\"og:description\" content=\"Komplex term\u00e9kek Alap term\u00e9kek megtekint\u00e9se Term\u00e9kek megtekint\u00e9se\" \/>\n<meta property=\"og:url\" content=\"https:\/\/vivetexcellence.com\/produkty-zlozone\/\" \/>\n<meta property=\"og:site_name\" content=\"VIVE Texcellence\" \/>\n<meta property=\"article:modified_time\" content=\"2025-06-16T11:21:20+00:00\" \/>\n<meta property=\"og:image\" content=\"https:\/\/vivetexcellence.com\/wp-content\/uploads\/2024\/04\/recycling-1-768x614.png\" \/>\n<meta name=\"twitter:card\" content=\"summary_large_image\" \/>\n<script type=\"application\/ld+json\" class=\"yoast-schema-graph\">{\"@context\":\"https:\/\/schema.org\",\"@graph\":[{\"@type\":\"WebPage\",\"@id\":\"https:\/\/vivetexcellence.com\/produkty-zlozone\/\",\"url\":\"https:\/\/vivetexcellence.com\/produkty-zlozone\/\",\"name\":\"Komplex term\u00e9kek - VIVE Texcellence\",\"isPartOf\":{\"@id\":\"https:\/\/vivetexcellence.com\/#website\"},\"primaryImageOfPage\":{\"@id\":\"https:\/\/vivetexcellence.com\/produkty-zlozone\/#primaryimage\"},\"image\":{\"@id\":\"https:\/\/vivetexcellence.com\/produkty-zlozone\/#primaryimage\"},\"thumbnailUrl\":\"https:\/\/vivetexcellence.com\/wp-content\/uploads\/2024\/04\/recycling-1-768x614.png\",\"datePublished\":\"2024-12-10T15:15:48+00:00\",\"dateModified\":\"2025-06-16T11:21:20+00:00\",\"breadcrumb\":{\"@id\":\"https:\/\/vivetexcellence.com\/produkty-zlozone\/#breadcrumb\"},\"inLanguage\":\"hu\",\"potentialAction\":[{\"@type\":\"ReadAction\",\"target\":[\"https:\/\/vivetexcellence.com\/produkty-zlozone\/\"]}]},{\"@type\":\"ImageObject\",\"inLanguage\":\"hu\",\"@id\":\"https:\/\/vivetexcellence.com\/produkty-zlozone\/#primaryimage\",\"url\":\"https:\/\/vivetexcellence.com\/wp-content\/uploads\/2024\/04\/recycling-1-768x614.png\",\"contentUrl\":\"https:\/\/vivetexcellence.com\/wp-content\/uploads\/2024\/04\/recycling-1-768x614.png\"},{\"@type\":\"BreadcrumbList\",\"@id\":\"https:\/\/vivetexcellence.com\/produkty-zlozone\/#breadcrumb\",\"itemListElement\":[{\"@type\":\"ListItem\",\"position\":1,\"name\":\"Strona g\u0142\u00f3wna\",\"item\":\"https:\/\/vivetexcellence.com\/\"},{\"@type\":\"ListItem\",\"position\":2,\"name\":\"Komplex term\u00e9kek\"}]},{\"@type\":\"WebSite\",\"@id\":\"https:\/\/vivetexcellence.com\/#website\",\"url\":\"https:\/\/vivetexcellence.com\/\",\"name\":\"VIVE Texcellence\",\"description\":\"Innowacyjna alternatywa dla drewna\",\"publisher\":{\"@id\":\"https:\/\/vivetexcellence.com\/#organization\"},\"potentialAction\":[{\"@type\":\"SearchAction\",\"target\":{\"@type\":\"EntryPoint\",\"urlTemplate\":\"https:\/\/vivetexcellence.com\/?s={search_term_string}\"},\"query-input\":{\"@type\":\"PropertyValueSpecification\",\"valueRequired\":true,\"valueName\":\"search_term_string\"}}],\"inLanguage\":\"hu\"},{\"@type\":\"Organization\",\"@id\":\"https:\/\/vivetexcellence.com\/#organization\",\"name\":\"VIVE Texcellence\",\"url\":\"https:\/\/vivetexcellence.com\/\",\"logo\":{\"@type\":\"ImageObject\",\"inLanguage\":\"hu\",\"@id\":\"https:\/\/vivetexcellence.com\/#\/schema\/logo\/image\/\",\"url\":\"https:\/\/vivetexcellence.com\/wp-content\/uploads\/2021\/03\/logo-www2-01.png\",\"contentUrl\":\"https:\/\/vivetexcellence.com\/wp-content\/uploads\/2021\/03\/logo-www2-01.png\",\"width\":1042,\"height\":60,\"caption\":\"VIVE Texcellence\"},\"image\":{\"@id\":\"https:\/\/vivetexcellence.com\/#\/schema\/logo\/image\/\"}}]}<\/script>\n<!-- \/ Yoast SEO plugin. -->","yoast_head_json":{"title":"Komplex term\u00e9kek - VIVE Texcellence","robots":{"index":"index","follow":"follow","max-snippet":"max-snippet:-1","max-image-preview":"max-image-preview:large","max-video-preview":"max-video-preview:-1"},"canonical":"https:\/\/vivetexcellence.com\/produkty-zlozone\/","og_locale":"hu_HU","og_type":"article","og_title":"Komplex term\u00e9kek - VIVE Texcellence","og_description":"Komplex term\u00e9kek Alap term\u00e9kek megtekint\u00e9se Term\u00e9kek megtekint\u00e9se","og_url":"https:\/\/vivetexcellence.com\/produkty-zlozone\/","og_site_name":"VIVE Texcellence","article_modified_time":"2025-06-16T11:21:20+00:00","og_image":[{"url":"https:\/\/vivetexcellence.com\/wp-content\/uploads\/2024\/04\/recycling-1-768x614.png","type":"","width":"","height":""}],"twitter_card":"summary_large_image","schema":{"@context":"https:\/\/schema.org","@graph":[{"@type":"WebPage","@id":"https:\/\/vivetexcellence.com\/produkty-zlozone\/","url":"https:\/\/vivetexcellence.com\/produkty-zlozone\/","name":"Komplex term\u00e9kek - VIVE Texcellence","isPartOf":{"@id":"https:\/\/vivetexcellence.com\/#website"},"primaryImageOfPage":{"@id":"https:\/\/vivetexcellence.com\/produkty-zlozone\/#primaryimage"},"image":{"@id":"https:\/\/vivetexcellence.com\/produkty-zlozone\/#primaryimage"},"thumbnailUrl":"https:\/\/vivetexcellence.com\/wp-content\/uploads\/2024\/04\/recycling-1-768x614.png","datePublished":"2024-12-10T15:15:48+00:00","dateModified":"2025-06-16T11:21:20+00:00","breadcrumb":{"@id":"https:\/\/vivetexcellence.com\/produkty-zlozone\/#breadcrumb"},"inLanguage":"hu","potentialAction":[{"@type":"ReadAction","target":["https:\/\/vivetexcellence.com\/produkty-zlozone\/"]}]},{"@type":"ImageObject","inLanguage":"hu","@id":"https:\/\/vivetexcellence.com\/produkty-zlozone\/#primaryimage","url":"https:\/\/vivetexcellence.com\/wp-content\/uploads\/2024\/04\/recycling-1-768x614.png","contentUrl":"https:\/\/vivetexcellence.com\/wp-content\/uploads\/2024\/04\/recycling-1-768x614.png"},{"@type":"BreadcrumbList","@id":"https:\/\/vivetexcellence.com\/produkty-zlozone\/#breadcrumb","itemListElement":[{"@type":"ListItem","position":1,"name":"Strona g\u0142\u00f3wna","item":"https:\/\/vivetexcellence.com\/"},{"@type":"ListItem","position":2,"name":"Komplex term\u00e9kek"}]},{"@type":"WebSite","@id":"https:\/\/vivetexcellence.com\/#website","url":"https:\/\/vivetexcellence.com\/","name":"VIVE Texcellence","description":"Innowacyjna alternatywa dla drewna","publisher":{"@id":"https:\/\/vivetexcellence.com\/#organization"},"potentialAction":[{"@type":"SearchAction","target":{"@type":"EntryPoint","urlTemplate":"https:\/\/vivetexcellence.com\/?s={search_term_string}"},"query-input":{"@type":"PropertyValueSpecification","valueRequired":true,"valueName":"search_term_string"}}],"inLanguage":"hu"},{"@type":"Organization","@id":"https:\/\/vivetexcellence.com\/#organization","name":"VIVE Texcellence","url":"https:\/\/vivetexcellence.com\/","logo":{"@type":"ImageObject","inLanguage":"hu","@id":"https:\/\/vivetexcellence.com\/#\/schema\/logo\/image\/","url":"https:\/\/vivetexcellence.com\/wp-content\/uploads\/2021\/03\/logo-www2-01.png","contentUrl":"https:\/\/vivetexcellence.com\/wp-content\/uploads\/2021\/03\/logo-www2-01.png","width":1042,"height":60,"caption":"VIVE Texcellence"},"image":{"@id":"https:\/\/vivetexcellence.com\/#\/schema\/logo\/image\/"}}]}},"_links":{"self":[{"href":"https:\/\/vivetexcellence.com\/hu\/wp-json\/wp\/v2\/pages\/45859","targetHints":{"allow":["GET"]}}],"collection":[{"href":"https:\/\/vivetexcellence.com\/hu\/wp-json\/wp\/v2\/pages"}],"about":[{"href":"https:\/\/vivetexcellence.com\/hu\/wp-json\/wp\/v2\/types\/page"}],"author":[{"embeddable":true,"href":"https:\/\/vivetexcellence.com\/hu\/wp-json\/wp\/v2\/users\/11"}],"replies":[{"embeddable":true,"href":"https:\/\/vivetexcellence.com\/hu\/wp-json\/wp\/v2\/comments?post=45859"}],"version-history":[{"count":5,"href":"https:\/\/vivetexcellence.com\/hu\/wp-json\/wp\/v2\/pages\/45859\/revisions"}],"predecessor-version":[{"id":49852,"href":"https:\/\/vivetexcellence.com\/hu\/wp-json\/wp\/v2\/pages\/45859\/revisions\/49852"}],"wp:attachment":[{"href":"https:\/\/vivetexcellence.com\/hu\/wp-json\/wp\/v2\/media?parent=45859"}],"curies":[{"name":"wp","href":"https:\/\/api.w.org\/{rel}","templated":true}]}}